{"id":2,"date":"2010-05-05T09:44:49","date_gmt":"2010-05-05T06:44:49","guid":{"rendered":"http:\/\/www.stellar.fi\/?page_id=2"},"modified":"2026-04-21T20:00:48","modified_gmt":"2026-04-21T17:00:48","slug":"kaunotar","status":"publish","type":"page","link":"https:\/\/kaunotar.fi\/","title":{"rendered":"Kaunotar-kassaj\u00e4rjestelm\u00e4"},"content":{"rendered":"<p>Suomalaista Kaunotar-kassaj\u00e4rjestelm\u00e4\u00e4 k\u00e4yt\u00e4t helposti tietokoneesi selaimella. Tapahtumasi tallentuvat pilveen ja ovat saatavilla my\u00f6s kotoa k\u00e4sin. Kaikki syntyneet tapahtumat varmuuskopioidaan automaattisesti. Kaunotar-kassaj\u00e4rjestelm\u00e4 sopii erinomaisesti niin yksitt\u00e4isiin liikkeisiin kuin ketjuillekin.<\/p>\n<p>Vuodesta 2006 l\u00e4htien kehitetty Kaunotar-kassaj\u00e4rjestelm\u00e4 tarjoaa kaiken, mit\u00e4 liike kassatoimintaan tarvitsee, edullisella kuukausimaksulla, ilman aloituskuluja!<\/p>\n<h2>Referenssej\u00e4<\/h2>\n<table>\n<tbody>\n<tr>\n<td><a title=\"CM Hiustalo\" href=\"http:\/\/www.hiustalo.fi\" target=\"_blank\" rel=\"noopener noreferrer\"><img decoding=\"async\" class=\"alignleft wp-image-193 size-full lazyload\" data-src=\"https:\/\/w.kaunotar.fi\/wp-content\/uploads\/2013\/01\/hiustalo.png\" alt=\"Hiustalo\" width=\"348\" height=\"112\" data-srcset=\"https:\/\/kaunotar.fi\/wp-content\/uploads\/2013\/01\/hiustalo.png 348w, https:\/\/kaunotar.fi\/wp-content\/uploads\/2013\/01\/hiustalo-300x96.png 300w\" data-sizes=\"(max-width: 348px) 100vw, 348px\" src=\"data:image\/svg+xml;base64,PHN2ZyB3aWR0aD0iMSIgaGVpZ2h0PSIxIiB4bWxucz0iaHR0cDovL3d3dy53My5vcmcvMjAwMC9zdmciPjwvc3ZnPg==\" style=\"--smush-placeholder-width: 348px; --smush-placeholder-aspect-ratio: 348\/112;\" \/><\/a><\/td>\n<td>Yksi suomen suurimmista parturi-kampaamo-ketjuista k\u00e4ytt\u00e4\u00e4 Stellar Kaunotar -kassaj\u00e4rjestelm\u00e4\u00e4. CM Hiustalo toimii ymp\u00e4ri suomea K-Citymarkettien yhteydess\u00e4.<\/td>\n<\/tr>\n<tr>\n<td><a href=\"http:\/\/www.groom.fi\"><img decoding=\"async\" class=\"alignleft wp-image-201 size-full lazyload\" data-src=\"https:\/\/w.kaunotar.fi\/wp-content\/uploads\/2010\/05\/groom.png\" alt=\"Groom\" width=\"160\" height=\"60\" src=\"data:image\/svg+xml;base64,PHN2ZyB3aWR0aD0iMSIgaGVpZ2h0PSIxIiB4bWxucz0iaHR0cDovL3d3dy53My5vcmcvMjAwMC9zdmciPjwvc3ZnPg==\" style=\"--smush-placeholder-width: 160px; --smush-placeholder-aspect-ratio: 160\/60;\" \/><\/a><\/td>\n<td>Viidentoista liikkeen GROOM Parturit on miesten hiustenleikkauksiin erikoistunut parturiketju Helsingiss\u00e4, Lohjalla, J\u00e4rvenp\u00e4\u00e4ss\u00e4 ja Turussa.<\/td>\n<\/tr>\n<\/tbody>\n<\/table>\n<p>Stellar Kaunotar sopii my\u00f6s pienempien yritysten k\u00e4ytt\u00f6\u00f6n: Ryttyl\u00e4l\u00e4inen <a title=\"Leila Vuorinen\" href=\"http:\/\/www.stellar.fi\/kaunotar\/referenssit\/leila-vuorinen\">Leila Vuorinen <\/a>on yksi lukuisista kassan tyytyv\u00e4isist\u00e4 k\u00e4ytt\u00e4jist\u00e4.<\/p>\n<p>Liity kasvavaan joukkoomme &#8211; <a href=\"https:\/\/w.kaunotar.fi\/yhteystiedot\">Ota yhteytt\u00e4<\/a><\/p>\n\n\n\n","protected":false},"excerpt":{"rendered":"<p>Suomalaista Kaunotar-kassaj\u00e4rjestelm\u00e4\u00e4 k\u00e4yt\u00e4t helposti tietokoneesi selaimella. Tapahtumasi tallentuvat pilveen ja ovat saatavilla my\u00f6s kotoa k\u00e4sin. Kaikki syntyneet tapahtumat varmuuskopioidaan automaattisesti. Kaunotar-kassaj\u00e4rjestelm\u00e4 sopii erinomaisesti niin yksitt\u00e4isiin liikkeisiin kuin ketjuillekin. Vuodesta 2006 l\u00e4htien kehitetty Kaunotar-kassaj\u00e4rjestelm\u00e4 tarjoaa kaiken, mit\u00e4 liike kassatoimintaan tarvitsee, edullisella kuukausimaksulla, ilman aloituskuluja! Referenssej\u00e4 Yksi suomen suurimmista parturi-kampaamo-ketjuista k\u00e4ytt\u00e4\u00e4 Stellar Kaunotar -kassaj\u00e4rjestelm\u00e4\u00e4. CM Hiustalo toimii&hellip; <a class=\"read-more\" href=\"https:\/\/kaunotar.fi\/\">Read More<\/a><\/p>\n","protected":false},"author":1,"featured_media":0,"parent":0,"menu_order":1,"comment_status":"closed","ping_status":"closed","template":"","meta":{"_monsterinsights_skip_tracking":false,"_monsterinsights_sitenote_active":false,"_monsterinsights_sitenote_note":"","_monsterinsights_sitenote_category":0,"jetpack_post_was_ever_published":false,"footnotes":""},"class_list":["post-2","page","type-page","status-publish","hentry"],"jetpack_shortlink":"https:\/\/wp.me\/P6wTVl-2","jetpack_sharing_enabled":true,"_links":{"self":[{"href":"https:\/\/kaunotar.fi\/wp-json\/wp\/v2\/pages\/2","targetHints":{"allow":["GET"]}}],"collection":[{"href":"https:\/\/kaunotar.fi\/wp-json\/wp\/v2\/pages"}],"about":[{"href":"https:\/\/kaunotar.fi\/wp-json\/wp\/v2\/types\/page"}],"author":[{"embeddable":true,"href":"https:\/\/kaunotar.fi\/wp-json\/wp\/v2\/users\/1"}],"replies":[{"embeddable":true,"href":"https:\/\/kaunotar.fi\/wp-json\/wp\/v2\/comments?post=2"}],"version-history":[{"count":0,"href":"https:\/\/kaunotar.fi\/wp-json\/wp\/v2\/pages\/2\/revisions"}],"wp:attachment":[{"href":"https:\/\/kaunotar.fi\/wp-json\/wp\/v2\/media?parent=2"}],"curies":[{"name":"wp","href":"https:\/\/api.w.org\/{rel}","templated":true}]}}